{"id":20,"date":"2020-09-18T05:57:54","date_gmt":"2020-09-18T05:57:54","guid":{"rendered":"https:\/\/egrimajorette.hu\/?page_id=20"},"modified":"2026-01-18T15:51:50","modified_gmt":"2026-01-18T15:51:50","slug":"kulfold","status":"publish","type":"page","link":"https:\/\/egrimajorette.hu\/?page_id=20","title":{"rendered":"kulfold"},"content":{"rendered":"<p>[et_pb_section fb_built=&#8221;1&#8243; custom_padding_last_edited=&#8221;on|tablet&#8221; disabled_on=&#8221;on|on|off&#8221; admin_label=&#8221;Hero Section&#8221; _builder_version=&#8221;4.6.2&#8243; use_background_color_gradient=&#8221;on&#8221; background_color_gradient_start=&#8221;rgba(255,106,136,0.7)&#8221; background_color_gradient_end=&#8221;rgba(255,153,172,0.2)&#8221; background_color_gradient_direction=&#8221;357deg&#8221; background_color_gradient_start_position=&#8221;31%&#8221; background_color_gradient_end_position=&#8221;79%&#8221; background_color_gradient_overlays_image=&#8221;on&#8221; background_image=&#8221;https:\/\/egrimajorette.hu\/wp-content\/uploads\/2020\/09\/kulfoldi_utazas_egri_majorette.jpg&#8221; custom_padding=&#8221;658px|0px|0px|0px|false|false&#8221; custom_padding_tablet=&#8221;200px||||false|false&#8221; custom_padding_phone=&#8221;96px|0px|0px|0px|false|false&#8221; bottom_divider_style=&#8221;asymmetric2&#8243; bottom_divider_color=&#8221;#ffffff&#8221; bottom_divider_height=&#8221;138px&#8221; bottom_divider_height_tablet=&#8221;85px&#8221; bottom_divider_height_phone=&#8221;49px&#8221; bottom_divider_height_last_edited=&#8221;on|phone&#8221; animation_style=&#8221;slide&#8221; animation_direction=&#8221;top&#8221; animation_intensity_slide=&#8221;2%&#8221; animation_starting_opacity=&#8221;100%&#8221;][\/et_pb_section][et_pb_section fb_built=&#8221;1&#8243; _builder_version=&#8221;3.22&#8243; custom_padding=&#8221;81px|0px|0|0px||&#8221;][et_pb_row _builder_version=&#8221;3.25&#8243; custom_margin=&#8221;0px|||&#8221; custom_margin_tablet=&#8221;&#8221; custom_margin_phone=&#8221;&#8221; custom_margin_last_edited=&#8221;on|desktop&#8221; custom_padding=&#8221;0|0px|0|0px&#8221;][et_pb_column type=&#8221;4_4&#8243; _builder_version=&#8221;3.25&#8243; custom_padding=&#8221;|||&#8221; custom_padding__hover=&#8221;|||&#8221;][et_pb_text _builder_version=&#8221;3.27.4&#8243; text_font=&#8221;||||||||&#8221; text_text_color=&#8221;#000000&#8243; header_font=&#8221;Playfair Display|700||||on|||&#8221; header_text_color=&#8221;#303030&#8243; header_font_size=&#8221;58px&#8221; header_line_height=&#8221;1.5em&#8221; header_2_font=&#8221;||||||||&#8221; header_3_font=&#8221;||||||||&#8221; header_4_font=&#8221;||||||||&#8221; header_5_font=&#8221;||||||||&#8221; header_6_font=&#8221;||||||||&#8221; custom_margin=&#8221;-37px||20px|&#8221; custom_margin_tablet=&#8221;&#8221; custom_margin_phone=&#8221;-20px|||&#8221; custom_margin_last_edited=&#8221;on|phone&#8221; header_font_size_tablet=&#8221;41px&#8221; header_font_size_phone=&#8221;28px&#8221; header_font_size_last_edited=&#8221;on|desktop&#8221; locked=&#8221;off&#8221;]<\/p>\n<h1 style=\"text-align: center\">K\u00fclf\u00f6ldi szerepl\u00e9seink<\/h1>\n<p>[\/et_pb_text][et_pb_divider color=&#8221;#dfa4a3&#8243; divider_weight=&#8221;3px&#8221; disabled_on=&#8221;off|off|off&#8221; _builder_version=&#8221;4.6.2&#8243; max_width=&#8221;100px&#8221; module_alignment=&#8221;center&#8221; height=&#8221;10px&#8221; custom_margin=&#8221;-20px|||&#8221; animation_style=&#8221;slide&#8221; animation_direction=&#8221;bottom&#8221; animation_delay=&#8221;100ms&#8221; saved_tabs=&#8221;all&#8221; locked=&#8221;off&#8221;][\/et_pb_divider][\/et_pb_column][\/et_pb_row][\/et_pb_section][et_pb_section fb_built=&#8221;1&#8243; disabled_on=&#8221;off|off|off&#8221; admin_label=&#8221;About Us &#8221; _builder_version=&#8221;3.22&#8243; min_height=&#8221;2198px&#8221; custom_padding=&#8221;121px|0px|17px|0px||&#8221;][et_pb_row column_structure=&#8221;1_2,1_2&#8243; _builder_version=&#8221;3.25&#8243; module_alignment=&#8221;center&#8221; custom_margin=&#8221;|||&#8221; custom_margin_tablet=&#8221;&#8221; custom_margin_phone=&#8221;||20px|&#8221; custom_margin_last_edited=&#8221;on|phone&#8221; custom_padding=&#8221;29px|0px|0|0px&#8221;][et_pb_column type=&#8221;1_2&#8243; _builder_version=&#8221;3.25&#8243; use_background_color_gradient=&#8221;on&#8221; background_color_gradient_start=&#8221;#eadad2&#8243; background_color_gradient_end=&#8221;#dfa4a3&#8243; background_color_gradient_direction=&#8221;35deg&#8221; custom_padding=&#8221;|||&#8221; custom_padding__hover=&#8221;|||&#8221;][et_pb_image src=&#8221;https:\/\/egrimajorette.hu\/wp-content\/uploads\/2020\/09\/csillagfeny.png&#8221; title_text=&#8221;csillagfeny&#8221; show_in_lightbox=&#8221;on&#8221; align=&#8221;center&#8221; disabled_on=&#8221;on|on|off&#8221; _builder_version=&#8221;4.6.2&#8243; max_width_tablet=&#8221;100%&#8221; max_width_phone=&#8221;100%&#8221; max_width_last_edited=&#8221;on|tablet&#8221; custom_margin=&#8221;-40px|40px|40px|-40px&#8221; custom_margin_tablet=&#8221;&#8221; custom_margin_phone=&#8221;-20px|20px|20px|-20px&#8221; custom_margin_last_edited=&#8221;on|desktop&#8221; custom_padding=&#8221;|||&#8221; animation_style=&#8221;zoom&#8221; animation_direction=&#8221;right&#8221; animation_delay=&#8221;250ms&#8221; animation_intensity_zoom=&#8221;6%&#8221; animation_starting_opacity=&#8221;100%&#8221; box_shadow_style=&#8221;preset3&#8243; box_shadow_horizontal=&#8221;13px&#8221; box_shadow_vertical=&#8221;42px&#8221; box_shadow_blur=&#8221;45px&#8221; box_shadow_spread=&#8221;-3px&#8221; box_shadow_color=&#8221;rgba(0,0,0,0.1)&#8221; always_center_on_mobile=&#8221;off&#8221;][\/et_pb_image][\/et_pb_column][et_pb_column type=&#8221;1_2&#8243; _builder_version=&#8221;3.25&#8243; background_color_gradient_direction=&#8221;342deg&#8221; custom_padding=&#8221;|||&#8221; custom_padding__hover=&#8221;|||&#8221;][et_pb_text _builder_version=&#8221;4.6.2&#8243; text_font=&#8221;Poppins||||||||&#8221; text_text_color=&#8221;rgba(0,0,0,0.4)&#8221; text_font_size=&#8221;15px&#8221; text_line_height=&#8221;1.9em&#8221; header_font=&#8221;||||||||&#8221; header_2_font=&#8221;||||||||&#8221; text_orientation=&#8221;justified&#8221; module_alignment=&#8221;center&#8221; custom_margin=&#8221;||30px|&#8221; animation_style=&#8221;slide&#8221; animation_delay=&#8221;100ms&#8221; hover_enabled=&#8221;0&#8243; text_font_size_tablet=&#8221;12px&#8221; text_font_size_phone=&#8221;11px&#8221; text_font_size_last_edited=&#8221;on|phone&#8221; sticky_enabled=&#8221;0&#8243;]<\/p>\n<p>&nbsp;<\/p>\n<table style=\"width: 310px;\">\n<tbody>\n<tr>\n<td style=\"width: 44px;\">2025<\/td>\n<td style=\"width: 241.475px;\">Olaszorsz\u00e1g<\/td>\n<td style=\"width: 10px;\">Toszk\u00e1na<\/td>\n<\/tr>\n<tr>\n<td style=\"width: 44px;\">2024<\/td>\n<td style=\"width: 241.475px;\">Olaszorsz\u00e1g<\/td>\n<td style=\"width: 10px;\">Cesenatico<\/td>\n<\/tr>\n<tr>\n<td style=\"width: 44px;\">2023<\/td>\n<td style=\"width: 241.475px;\">Olaszorsz\u00e1g<\/td>\n<td style=\"width: 10px;\">R\u00f3ma<\/td>\n<\/tr>\n<tr>\n<td style=\"width: 44px;\">2023<\/td>\n<td style=\"width: 241.475px;\">\n<p>\u00c9szak-Maced\u00f3nia<\/p>\n<\/td>\n<td style=\"width: 10px;\">\n<p>Ohrid<\/p>\n<\/td>\n<\/tr>\n<tr>\n<td style=\"width: 44px;\">2022<\/td>\n<td style=\"width: 241.475px;\">Olaszorsz\u00e1g<\/td>\n<td style=\"width: 10px;\">Cesenatico<\/td>\n<\/tr>\n<tr>\n<td style=\"width: 44px;\">2019<\/td>\n<td style=\"width: 241.475px;\">Olaszorsz\u00e1g<\/td>\n<td style=\"width: 10px;\">Cesenatico<\/td>\n<\/tr>\n<tr>\n<td style=\"width: 44px;\">2018<\/td>\n<td style=\"width: 241.475px;\">Olaszorsz\u00e1g<\/td>\n<td style=\"width: 10px;\">Riccione<\/td>\n<\/tr>\n<tr>\n<td style=\"width: 44px;\">2017<\/td>\n<td style=\"width: 241.475px;\">Olaszorsz\u00e1g,<\/td>\n<td style=\"width: 10px;\">Riccione<\/td>\n<\/tr>\n<tr>\n<td style=\"width: 44px;\">2016<\/td>\n<td style=\"width: 241.475px;\">Olaszorsz\u00e1g,<\/td>\n<td style=\"width: 10px;\">Riccione<\/td>\n<\/tr>\n<tr>\n<td style=\"width: 44px;\">2015<\/td>\n<td style=\"width: 241.475px;\">Csehorsz\u00e1g,<\/td>\n<td style=\"width: 10px;\">Pr\u00e1ga<\/td>\n<\/tr>\n<tr>\n<td style=\"width: 44px;\">2015<\/td>\n<td style=\"width: 241.475px;\">Olaszorsz\u00e1g,<\/td>\n<td style=\"width: 10px;\">Riccione<\/td>\n<\/tr>\n<tr>\n<td style=\"width: 44px;\">2015<\/td>\n<td style=\"width: 241.475px;\">Lengyelorsz\u00e1g,<\/td>\n<td style=\"width: 10px;\">Dabrowa Gornicza<\/td>\n<\/tr>\n<tr>\n<td style=\"width: 44px;\">2014<\/td>\n<td style=\"width: 241.475px;\">Olaszorsz\u00e1g,<\/td>\n<td style=\"width: 10px;\">Riccione<\/td>\n<\/tr>\n<tr>\n<td style=\"width: 44px;\">2013<\/td>\n<td style=\"width: 241.475px;\">Olaszorsz\u00e1g,<\/td>\n<td style=\"width: 10px;\">Riccione<\/td>\n<\/tr>\n<tr>\n<td style=\"width: 44px;\">2012<\/td>\n<td style=\"width: 241.475px;\">Olaszorsz\u00e1g,<\/td>\n<td style=\"width: 10px;\">\u00a0Riccione<\/td>\n<\/tr>\n<tr>\n<td style=\"width: 44px;\">2009<\/td>\n<td style=\"width: 241.475px;\">Olaszorsz\u00e1g,<\/td>\n<td style=\"width: 10px;\">Rimini<\/td>\n<\/tr>\n<tr>\n<td style=\"width: 44px;\">2010:<\/td>\n<td style=\"width: 241.475px;\">\u00a0Montenegro,<\/td>\n<td style=\"width: 10px;\">Budva (Septemberfest)<\/td>\n<\/tr>\n<tr>\n<td style=\"width: 44px;\">2008<\/td>\n<td style=\"width: 241.475px;\">Montenegro,<\/td>\n<td style=\"width: 10px;\">Budva (Septemberfest)<\/td>\n<\/tr>\n<tr>\n<td style=\"width: 44px;\">2007<\/td>\n<td style=\"width: 241.475px;\">Montenegro,<\/td>\n<td style=\"width: 10px;\">Budva (Septemberfest)<\/td>\n<\/tr>\n<tr>\n<td style=\"width: 44px;\">2006<\/td>\n<td style=\"width: 241.475px;\">\u00a0Franciaorsz\u00e1g,<\/td>\n<td style=\"width: 10px;\">\u00a0Valenciennes (Bimbin Fesztiv\u00e1l)<\/td>\n<\/tr>\n<tr>\n<td style=\"width: 44px;\">2004<\/td>\n<td style=\"width: 241.475px;\">Franciaorsz\u00e1g,<\/td>\n<td style=\"width: 10px;\">Riom-es-Montagnes (Katonazenekari Fesztiv\u00e1l)<\/td>\n<\/tr>\n<tr>\n<td style=\"width: 44px;\">2003<\/td>\n<td style=\"width: 241.475px;\">Franciaorsz\u00e1g,<\/td>\n<td style=\"width: 10px;\">Valreas (Levendula Fesztiv\u00e1l)<\/td>\n<\/tr>\n<tr>\n<td style=\"width: 44px;\">2002<\/td>\n<td style=\"width: 241.475px;\">N\u00e9metorsz\u00e1g,<\/td>\n<td style=\"width: 10px;\">Friedrichshafen<\/td>\n<\/tr>\n<tr>\n<td style=\"width: 44px;\">2001<\/td>\n<td style=\"width: 241.475px;\">\u00a0Portug\u00e1lia,<\/td>\n<td style=\"width: 10px;\">Lamego<\/td>\n<\/tr>\n<tr>\n<td style=\"width: 44px;\">2000<\/td>\n<td style=\"width: 241.475px;\">Franciaorsz\u00e1g,<\/td>\n<td style=\"width: 10px;\">Perigueux, Luchon (Vir\u00e1gkarnev\u00e1l)<\/td>\n<\/tr>\n<tr>\n<td style=\"width: 44px;\">1999<\/td>\n<td style=\"width: 241.475px;\">Franciaorsz\u00e1g,<\/td>\n<td style=\"width: 10px;\">Menton (Citromfesztiv\u00e1l)<\/td>\n<\/tr>\n<tr>\n<td style=\"width: 44px;\">1998<\/td>\n<td style=\"width: 241.475px;\">\u00a0Spanyolorsz\u00e1g,<\/td>\n<td style=\"width: 10px;\">Castellon (Magdal\u00e9na Fesztiv\u00e1l)<\/td>\n<\/tr>\n<tr>\n<td style=\"width: 44px;\">1997<\/td>\n<td style=\"width: 241.475px;\">Franciaorsz\u00e1g,<\/td>\n<td style=\"width: 10px;\">k\u00f6r\u00fat (Mazamet, Fouras, St. Yrieix)<\/td>\n<\/tr>\n<tr>\n<td style=\"width: 44px;\">1996<\/td>\n<td style=\"width: 241.475px;\">Franciaorsz\u00e1g,<\/td>\n<td style=\"width: 10px;\">\u00a0Digne (Levendula Fesztiv\u00e1l)<\/td>\n<\/tr>\n<\/tbody>\n<\/table>\n<p>[\/et_pb_text][\/et_pb_column][\/et_pb_row][et_pb_row _builder_version=&#8221;3.25&#8243; module_alignment=&#8221;center&#8221; custom_margin=&#8221;|||&#8221; custom_padding=&#8221;29px|0px|27px|0px&#8221;][et_pb_column type=&#8221;4_4&#8243; _builder_version=&#8221;3.25&#8243; use_background_color_gradient=&#8221;on&#8221; background_color_gradient_start=&#8221;#eadad2&#8243; background_color_gradient_end=&#8221;#dfa4a3&#8243; background_color_gradient_direction=&#8221;35deg&#8221; custom_padding=&#8221;|||&#8221; custom_padding__hover=&#8221;|||&#8221;][et_pb_image src=&#8221;https:\/\/egrimajorette.hu\/wp-content\/uploads\/2020\/09\/kulfoldi_utazas_egri_majorette.jpg&#8221; alt=&#8221;kulfoldi_utazas_egri_majorette&#8221; title_text=&#8221;kulfoldi_utazas_egri_majorette&#8221; show_in_lightbox=&#8221;on&#8221; show_bottom_space=&#8221;off&#8221; align=&#8221;center&#8221; disabled_on=&#8221;off|off|off&#8221; _builder_version=&#8221;4.6.2&#8243; custom_margin=&#8221;-40px|40px|40px|-40px&#8221; custom_margin_tablet=&#8221;&#8221; custom_margin_phone=&#8221;-20px|20px|20px|-20px&#8221; custom_margin_last_edited=&#8221;on|phone&#8221; custom_padding=&#8221;|||&#8221; animation_style=&#8221;zoom&#8221; animation_direction=&#8221;right&#8221; animation_delay=&#8221;250ms&#8221; animation_intensity_zoom=&#8221;6%&#8221; animation_starting_opacity=&#8221;100%&#8221; box_shadow_style=&#8221;preset3&#8243; box_shadow_horizontal=&#8221;13px&#8221; box_shadow_vertical=&#8221;42px&#8221; box_shadow_blur=&#8221;45px&#8221; box_shadow_spread=&#8221;-3px&#8221; box_shadow_color=&#8221;rgba(0,0,0,0.1)&#8221; always_center_on_mobile=&#8221;off&#8221;][\/et_pb_image][\/et_pb_column][\/et_pb_row][\/et_pb_section][et_pb_section fb_built=&#8221;1&#8243; disabled_on=&#8221;off|off|off&#8221; admin_label=&#8221;Footer&#8221; _builder_version=&#8221;4.6.2&#8243; use_background_color_gradient=&#8221;on&#8221; background_color_gradient_start=&#8221;#ff6a88&#8243; background_color_gradient_end=&#8221;#ff99ac&#8221; background_color_gradient_direction=&#8221;131deg&#8221; max_width=&#8221;100%&#8221; max_width_tablet=&#8221;&#8221; max_width_phone=&#8221;&#8221; max_width_last_edited=&#8221;on|phone&#8221; module_alignment=&#8221;center&#8221; custom_padding=&#8221;0px|0px|0px|0px&#8221; animation_style=&#8221;slide&#8221; animation_direction=&#8221;bottom&#8221; animation_intensity_slide=&#8221;14%&#8221; animation_starting_opacity=&#8221;100%&#8221; box_shadow_style=&#8221;preset7&#8243; box_shadow_horizontal=&#8221;0px&#8221; box_shadow_vertical=&#8221;100px&#8221; box_shadow_color=&#8221;#ffffff&#8221; global_module=&#8221;128&#8243; saved_tabs=&#8221;all&#8221; locked=&#8221;off&#8221;][et_pb_row column_structure=&#8221;1_2,1_2&#8243; module_class=&#8221; et_pb_row_fullwidth&#8221; _builder_version=&#8221;3.25&#8243; background_color_gradient_direction=&#8221;38deg&#8221; width=&#8221;89%&#8221; width_tablet=&#8221;80%&#8221; width_phone=&#8221;&#8221; width_last_edited=&#8221;on|desktop&#8221; max_width=&#8221;89%&#8221; max_width_tablet=&#8221;80%&#8221; max_width_phone=&#8221;&#8221; max_width_last_edited=&#8221;on|desktop&#8221; module_alignment=&#8221;center&#8221; make_fullwidth=&#8221;on&#8221; locked=&#8221;off&#8221;][et_pb_column type=&#8221;1_2&#8243; _builder_version=&#8221;3.25&#8243; custom_padding=&#8221;120px|||&#8221; custom_padding__hover=&#8221;|||&#8221;][et_pb_text _builder_version=&#8221;3.27.4&#8243; text_font=&#8221;||||||||&#8221; header_font=&#8221;||||||||&#8221; header_2_font=&#8221;Playfair Display|700|||||||&#8221; header_2_text_align=&#8221;center&#8221; header_2_text_color=&#8221;#2b2b2b&#8221; header_2_font_size=&#8221;42px&#8221; header_2_line_height=&#8221;1.5em&#8221; text_orientation=&#8221;center&#8221; module_alignment=&#8221;center&#8221; custom_margin=&#8221;||10px|&#8221; locked=&#8221;off&#8221;]<\/p>\n<h2><span style=\"color: #ffffff\">Seg\u00edtse \u00d6n is ad\u00f3ja 1%-val az Egri Majorette Egyes\u00fcletet<\/span><\/h2>\n<p>[\/et_pb_text][et_pb_divider color=&#8221;#ffffff&#8221; divider_weight=&#8221;3px&#8221; disabled_on=&#8221;on|on|off&#8221; _builder_version=&#8221;3.2&#8243; max_width=&#8221;80px&#8221; module_alignment=&#8221;center&#8221; height=&#8221;10px&#8221; custom_margin=&#8221;||20px|&#8221; animation_style=&#8221;slide&#8221; animation_direction=&#8221;bottom&#8221; locked=&#8221;off&#8221;][\/et_pb_divider][et_pb_text _builder_version=&#8221;3.27.4&#8243; text_font=&#8221;Poppins||||||||&#8221; text_text_color=&#8221;rgba(0,0,0,0.4)&#8221; text_font_size=&#8221;16px&#8221; text_line_height=&#8221;1.9em&#8221; header_font=&#8221;||||||||&#8221; header_2_font=&#8221;||||||||&#8221; text_orientation=&#8221;center&#8221; max_width=&#8221;700px&#8221; module_alignment=&#8221;center&#8221;]Az Szja 1%-\u00e1nak felaj\u00e1nl\u00e1s\u00e1hoz sz\u00fcks\u00e9ges adatok Egri Majorette Csoport Ad\u00f3sz\u00e1m: 18572737-1-10 [\/et_pb_text][et_pb_text _builder_version=&#8221;3.27.4&#8243; text_font=&#8221;||||||||&#8221; header_font=&#8221;||||||||&#8221; header_2_font=&#8221;Playfair Display|700|||||||&#8221; header_2_text_align=&#8221;center&#8221; header_2_text_color=&#8221;#2b2b2b&#8221; header_2_font_size=&#8221;42px&#8221; header_2_line_height=&#8221;1.5em&#8221; text_orientation=&#8221;center&#8221; module_alignment=&#8221;center&#8221; custom_margin=&#8221;||10px|&#8221; locked=&#8221;off&#8221;]<\/p>\n<h2><span style=\"color: #ffffff\">K\u00f6sz\u00f6nj\u00fck t\u00e1mogat\u00e1s\u00e1t!<\/span><\/h2>\n<p>[\/et_pb_text][\/et_pb_column][et_pb_column type=&#8221;1_2&#8243; _builder_version=&#8221;3.25&#8243; custom_padding=&#8221;|||&#8221; custom_padding__hover=&#8221;|||&#8221;][et_pb_image src=&#8221;https:\/\/egrimajorette.hu\/wp-content\/uploads\/2020\/09\/holdfeny-csoport.png&#8221; alt=&#8221;holdf\u00e9ny-csoport egri_majorette&#8221; title_text=&#8221;holdf\u00e9ny-csoport egri_majorette&#8221; show_bottom_space=&#8221;off&#8221; _builder_version=&#8221;4.6.2&#8243; max_width=&#8221;500px&#8221; module_alignment=&#8221;center&#8221; custom_margin=&#8221;|||&#8221; custom_padding=&#8221;|||&#8221; animation_style=&#8221;slide&#8221; animation_direction=&#8221;right&#8221; animation_intensity_slide=&#8221;6%&#8221; animation_starting_opacity=&#8221;100%&#8221; box_shadow_style=&#8221;preset2&#8243; always_center_on_mobile=&#8221;off&#8221;][\/et_pb_image][\/et_pb_column][\/et_pb_row][\/et_pb_section]<\/p>\n","protected":false},"excerpt":{"rendered":"<p>[et_pb_section fb_built=&#8221;1&#8243; custom_padding_last_edited=&#8221;on|tablet&#8221; disabled_on=&#8221;on|on|off&#8221; admin_label=&#8221;Hero Section&#8221; _builder_version=&#8221;4.6.2&#8243; use_background_color_gradient=&#8221;on&#8221; background_color_gradient_start=&#8221;rgba(255,106,136,0.7)&#8221; background_color_gradient_end=&#8221;rgba(255,153,172,0.2)&#8221; background_color_gradient_direction=&#8221;357deg&#8221; background_color_gradient_start_position=&#8221;31%&#8221; background_color_gradient_end_position=&#8221;79%&#8221; background_color_gradient_overlays_image=&#8221;on&#8221; background_image=&#8221;https:\/\/egrimajorette.hu\/wp-content\/uploads\/2020\/09\/kulfoldi_utazas_egri_majorette.jpg&#8221; custom_padding=&#8221;658px|0px|0px|0px|false|false&#8221; custom_padding_tablet=&#8221;200px||||false|false&#8221; custom_padding_phone=&#8221;96px|0px|0px|0px|false|false&#8221; bottom_divider_style=&#8221;asymmetric2&#8243; bottom_divider_color=&#8221;#ffffff&#8221; bottom_divider_height=&#8221;138px&#8221; bottom_divider_height_tablet=&#8221;85px&#8221; bottom_divider_height_phone=&#8221;49px&#8221; bottom_divider_height_last_edited=&#8221;on|phone&#8221; animation_style=&#8221;slide&#8221; animation_direction=&#8221;top&#8221; animation_intensity_slide=&#8221;2%&#8221; animation_starting_opacity=&#8221;100%&#8221;][\/et_pb_section][et_pb_section fb_built=&#8221;1&#8243; _builder_version=&#8221;3.22&#8243; custom_padding=&#8221;81px|0px|0|0px||&#8221;][et_pb_row _builder_version=&#8221;3.25&#8243; custom_margin=&#8221;0px|||&#8221; custom_margin_tablet=&#8221;&#8221; custom_margin_phone=&#8221;&#8221; custom_margin_last_edited=&#8221;on|desktop&#8221; custom_padding=&#8221;0|0px|0|0px&#8221;][et_pb_column type=&#8221;4_4&#8243; _builder_version=&#8221;3.25&#8243; custom_padding=&#8221;|||&#8221; custom_padding__hover=&#8221;|||&#8221;][et_pb_text _builder_version=&#8221;3.27.4&#8243; text_font=&#8221;||||||||&#8221; text_text_color=&#8221;#000000&#8243; header_font=&#8221;Playfair Display|700||||on|||&#8221; header_text_color=&#8221;#303030&#8243; header_font_size=&#8221;58px&#8221; header_line_height=&#8221;1.5em&#8221; header_2_font=&#8221;||||||||&#8221; header_3_font=&#8221;||||||||&#8221; header_4_font=&#8221;||||||||&#8221; header_5_font=&#8221;||||||||&#8221; header_6_font=&#8221;||||||||&#8221; custom_margin=&#8221;-37px||20px|&#8221; [&hellip;]<\/p>\n","protected":false},"author":1,"featured_media":0,"parent":0,"menu_order":0,"comment_status":"closed","ping_status":"closed","template":"","meta":{"_et_pb_use_builder":"on","_et_pb_old_content":"","_et_gb_content_width":"","footnotes":""},"class_list":["post-20","page","type-page","status-publish","hentry"],"_links":{"self":[{"href":"https:\/\/egrimajorette.hu\/index.php?rest_route=\/wp\/v2\/pages\/20","targetHints":{"allow":["GET"]}}],"collection":[{"href":"https:\/\/egrimajorette.hu\/index.php?rest_route=\/wp\/v2\/pages"}],"about":[{"href":"https:\/\/egrimajorette.hu\/index.php?rest_route=\/wp\/v2\/types\/page"}],"author":[{"embeddable":true,"href":"https:\/\/egrimajorette.hu\/index.php?rest_route=\/wp\/v2\/users\/1"}],"replies":[{"embeddable":true,"href":"https:\/\/egrimajorette.hu\/index.php?rest_route=%2Fwp%2Fv2%2Fcomments&post=20"}],"version-history":[{"count":8,"href":"https:\/\/egrimajorette.hu\/index.php?rest_route=\/wp\/v2\/pages\/20\/revisions"}],"predecessor-version":[{"id":220,"href":"https:\/\/egrimajorette.hu\/index.php?rest_route=\/wp\/v2\/pages\/20\/revisions\/220"}],"wp:attachment":[{"href":"https:\/\/egrimajorette.hu\/index.php?rest_route=%2Fwp%2Fv2%2Fmedia&parent=20"}],"curies":[{"name":"wp","href":"https:\/\/api.w.org\/{rel}","templated":true}]}}